{"id":16,"date":"2018-10-10T11:20:26","date_gmt":"2018-10-10T09:20:26","guid":{"rendered":"http:\/\/mbc-ts.info\/?page_id=16"},"modified":"2022-04-03T11:24:33","modified_gmt":"2022-04-03T09:24:33","slug":"flugordnung","status":"publish","type":"page","link":"https:\/\/mbc-ts.info\/?page_id=16","title":{"rendered":"Flugordnung F\u00fcrmann Alm"},"content":{"rendered":"\t\t<div data-elementor-type=\"wp-post\" data-elementor-id=\"16\" class=\"elementor elementor-16\">\n\t\t\t\t\t\t<section class=\"elementor-section elementor-top-section elementor-element elementor-element-927f600 elementor-section-boxed elementor-section-height-default elementor-section-height-default\" data-id=\"927f600\" data-element_type=\"section\" data-e-type=\"section\">\n\t\t\t\t\t\t<div class=\"elementor-container elementor-column-gap-default\">\n\t\t\t\t\t<div class=\"elementor-column elementor-col-100 elementor-top-column elementor-element elementor-element-6be02b8\" data-id=\"6be02b8\" data-element_type=\"column\" data-e-type=\"column\">\n\t\t\t<div class=\"elementor-widget-wrap elementor-element-populated\">\n\t\t\t\t\t\t<div class=\"elementor-element elementor-element-eace4a9 elementor-widget elementor-widget-image\" data-id=\"eace4a9\" data-element_type=\"widget\" data-e-type=\"widget\" data-widget_type=\"image.default\">\n\t\t\t\t<div class=\"elementor-widget-container\">\n\t\t\t\t\t\t\t\t\t\t\t\t\t\t\t<img fetchpriority=\"high\" decoding=\"async\" width=\"720\" height=\"242\" src=\"https:\/\/mbc-ts.info\/wp-content\/uploads\/2022\/02\/Platz-Flugordnung-Fuermann-AlmFlugordung-2022-1024x344.png\" class=\"attachment-large size-large wp-image-7688\" alt=\"\" srcset=\"https:\/\/mbc-ts.info\/wp-content\/uploads\/2022\/02\/Platz-Flugordnung-Fuermann-AlmFlugordung-2022-1024x344.png 1024w, https:\/\/mbc-ts.info\/wp-content\/uploads\/2022\/02\/Platz-Flugordnung-Fuermann-AlmFlugordung-2022-300x101.png 300w, https:\/\/mbc-ts.info\/wp-content\/uploads\/2022\/02\/Platz-Flugordnung-Fuermann-AlmFlugordung-2022-768x258.png 768w, https:\/\/mbc-ts.info\/wp-content\/uploads\/2022\/02\/Platz-Flugordnung-Fuermann-AlmFlugordung-2022-1536x516.png 1536w, https:\/\/mbc-ts.info\/wp-content\/uploads\/2022\/02\/Platz-Flugordnung-Fuermann-AlmFlugordung-2022-2048x688.png 2048w\" sizes=\"(max-width: 720px) 100vw, 720px\" \/>\t\t\t\t\t\t\t\t\t\t\t\t\t\t\t<\/div>\n\t\t\t\t<\/div>\n\t\t\t\t\t<\/div>\n\t\t<\/div>\n\t\t\t\t\t<\/div>\n\t\t<\/section>\n\t\t\t\t<section class=\"elementor-section elementor-top-section elementor-element elementor-element-a85a55c elementor-section-boxed elementor-section-height-default elementor-section-height-default\" data-id=\"a85a55c\" data-element_type=\"section\" data-e-type=\"section\">\n\t\t\t\t\t\t<div class=\"elementor-container elementor-column-gap-default\">\n\t\t\t\t\t<div class=\"elementor-column elementor-col-100 elementor-top-column elementor-element elementor-element-c93545e\" data-id=\"c93545e\" data-element_type=\"column\" data-e-type=\"column\">\n\t\t\t<div class=\"elementor-widget-wrap elementor-element-populated\">\n\t\t\t\t\t\t<div class=\"elementor-element elementor-element-2a68369 elementor-widget elementor-widget-text-editor\" data-id=\"2a68369\" data-element_type=\"widget\" data-e-type=\"widget\" data-widget_type=\"text-editor.default\">\n\t\t\t\t<div class=\"elementor-widget-container\">\n\t\t\t\t\t\t\t\t\t<ol><li>S\u00e4mtliche gesetzlichen Bestimmungen sind einzuhalten.<\/li><li>Modellfliegen ist versicherungspflichtig (Deckungssumme min. 1,5 Mill.)!<br \/>Man muss diese nachweisen k\u00f6nnen.<\/li><li>Der Flugbetrieb ist immer vor Sonnenuntergang (Offiziell) einzustellen.<\/li><li>Das \u00dcberfliegen der Gastwirtschaft F\u00fcrmann Alm, des Parkplatzes und der Gehwege in geringer H\u00f6he ist aus Sicherheitsgr\u00fcnden untersagt.<\/li><li style=\"text-align: left;\">Landefeld ist der Nordhang zwischen unterem und<br \/>oberem Zaun oder am S\u00fcdhang zwischen Waldbeginn<img decoding=\"async\" class=\"alignnone  wp-image-7692 alignright\" src=\"http:\/\/mbc-ts.info\/wp-content\/uploads\/2022\/02\/Flug-beschreibung-FMA-300x132.png\" alt=\"\" width=\"425\" height=\"187\" srcset=\"https:\/\/mbc-ts.info\/wp-content\/uploads\/2022\/02\/Flug-beschreibung-FMA-300x132.png 300w, https:\/\/mbc-ts.info\/wp-content\/uploads\/2022\/02\/Flug-beschreibung-FMA-1024x452.png 1024w, https:\/\/mbc-ts.info\/wp-content\/uploads\/2022\/02\/Flug-beschreibung-FMA-768x339.png 768w, https:\/\/mbc-ts.info\/wp-content\/uploads\/2022\/02\/Flug-beschreibung-FMA.png 1397w\" sizes=\"(max-width: 425px) 100vw, 425px\" \/><br \/>und oberer Waldkante.<br \/>Landungen au\u00dferhalb dieser Bereiche sind zu unterlassen<\/li><li>Der MBC-Traunstein e.V. gestattet auch Gastfliegern die Benutzung des Fluggel\u00e4ndes, wenn<br \/>diese die Platzordnung einhalten.<\/li><li>Modelle \u00fcber 250 g m\u00fcssen sichtbar eine eu Registriernummer angebracht haben. LBA Nachweis<\/li><li>Modelle \u00fcber 2 kg ist ein Kenntnisnachweis erforderlich ( Antrag \u00fcber DAeC oder DMFV ).<\/li><li>Bei Modellen \u00fcber 12kg Fluggewicht muss eine Aufstiegserlaubnis vom Luft Amt vorliegen.<\/li><li>Jeder Pilot hat sich bei Ankunft in das Flugbuch einzutragen.<\/li><li>Flugvorf\u00fchrungen in niedriger H\u00f6he m\u00fcssen einen ausreichenden Abstand von der Hangkante aufweisen. Dynamic Soaring oder schnelle Anfl\u00fcge in Richtung Hang sind aus Sicherheitsgr\u00fcnden untersagt.<\/li><li>Das Modellfliegen mit Motor (auch Elektromotor) ist auf diesem Fluggel\u00e4nde untersagt.<\/li><li>Die Funkfernsteueranlage muss den rechtlichen Bestimmungen entsprechen (Reg. Beh.)<\/li><li>Das laufenlassen von Hunden ohne Leine ist im gesamten Bereich Fluggel\u00e4nde F\u00fcrmann Alm verboten.<\/li><li>Das Betreten der angrenzenden Felder und Wiesen ist zu vermeiden.<\/li><li>Die Fluggel\u00e4ndebenutzer haben sich so zu verhalten, dass keinerlei Grund zur Klage entsteht.<\/li><li>Bei Anwesenheit von Gleitschirm-oder Drachenfliegern mu\u00df eine gegenseitige Absprache \u00fcber Flugman\u00f6ver und Starts erfolgen.<\/li><\/ol><p>Wir bitten Alle, die Abf\u00e4lle wieder mitzunehmen, damit das Gel\u00e4nde in sauberem Zustand verbleibt<\/p><p>1. Vorstand Heinrich Helminger<br \/>2.Vorstand Hannes Schmalzer<\/p>\t\t\t\t\t\t\t\t<\/div>\n\t\t\t\t<\/div>\n\t\t\t\t\t<\/div>\n\t\t<\/div>\n\t\t\t\t\t<\/div>\n\t\t<\/section>\n\t\t\t\t<\/div>\n\t\t","protected":false},"excerpt":{"rendered":"<p>S\u00e4mtliche gesetzlichen Bestimmungen sind einzuhalten. Modellfliegen ist versicherungspflichtig (Deckungssumme min. 1,5 Mill.)! Man muss diese nachweisen k\u00f6nnen. Der Flugbetrieb ist immer vor Sonnenuntergang (Offiziell) einzustellen. Das \u00dcberfliegen der Gastwirtschaft F\u00fcrmann Alm, des Parkplatzes und der Gehwege in geringer H\u00f6he ist aus Sicherheitsgr\u00fcnden untersagt. Landefeld ist der Nordhang zwischen unterem und oberem Zaun oder am S\u00fcdhang [&hellip;]<\/p>\n","protected":false},"author":1,"featured_media":0,"parent":0,"menu_order":0,"comment_status":"closed","ping_status":"closed","template":"","meta":{"ngg_post_thumbnail":0,"footnotes":""},"class_list":["post-16","page","type-page","status-publish","hentry"],"_links":{"self":[{"href":"https:\/\/mbc-ts.info\/index.php?rest_route=\/wp\/v2\/pages\/16","targetHints":{"allow":["GET"]}}],"collection":[{"href":"https:\/\/mbc-ts.info\/index.php?rest_route=\/wp\/v2\/pages"}],"about":[{"href":"https:\/\/mbc-ts.info\/index.php?rest_route=\/wp\/v2\/types\/page"}],"author":[{"embeddable":true,"href":"https:\/\/mbc-ts.info\/index.php?rest_route=\/wp\/v2\/users\/1"}],"replies":[{"embeddable":true,"href":"https:\/\/mbc-ts.info\/index.php?rest_route=%2Fwp%2Fv2%2Fcomments&post=16"}],"version-history":[{"count":33,"href":"https:\/\/mbc-ts.info\/index.php?rest_route=\/wp\/v2\/pages\/16\/revisions"}],"predecessor-version":[{"id":7719,"href":"https:\/\/mbc-ts.info\/index.php?rest_route=\/wp\/v2\/pages\/16\/revisions\/7719"}],"wp:attachment":[{"href":"https:\/\/mbc-ts.info\/index.php?rest_route=%2Fwp%2Fv2%2Fmedia&parent=16"}],"curies":[{"name":"wp","href":"https:\/\/api.w.org\/{rel}","templated":true}]}}