{"id":1817,"date":"2018-10-16T15:27:56","date_gmt":"2018-10-16T13:27:56","guid":{"rendered":"http:\/\/mbc-ts.info\/?page_id=1817"},"modified":"2018-10-16T15:54:50","modified_gmt":"2018-10-16T13:54:50","slug":"daec-bemod","status":"publish","type":"page","link":"https:\/\/mbc-ts.info\/?page_id=1817","title":{"rendered":"Allgemeine Bewerbsregeln"},"content":{"rendered":"\t\t<div data-elementor-type=\"wp-post\" data-elementor-id=\"1817\" class=\"elementor elementor-1817 elementor-bc-flex-widget\">\n\t\t\t\t\t\t<section class=\"elementor-section elementor-top-section elementor-element elementor-element-338fc0e elementor-section-boxed elementor-section-height-default elementor-section-height-default\" data-id=\"338fc0e\" data-element_type=\"section\" data-e-type=\"section\">\n\t\t\t\t\t\t<div class=\"elementor-container elementor-column-gap-default\">\n\t\t\t\t\t<div class=\"elementor-column elementor-col-100 elementor-top-column elementor-element elementor-element-e1a9f78\" data-id=\"e1a9f78\" data-element_type=\"column\" data-e-type=\"column\">\n\t\t\t<div class=\"elementor-widget-wrap elementor-element-populated\">\n\t\t\t\t\t\t<div class=\"elementor-element elementor-element-e719588 elementor-widget elementor-widget-text-editor\" data-id=\"e719588\" data-element_type=\"widget\" data-e-type=\"widget\" data-widget_type=\"text-editor.default\">\n\t\t\t\t<div class=\"elementor-widget-container\">\n\t\t\t\t\t\t\t\t\t<p><a href=\"http:\/\/modellflugimdaec.de\/bemod\">DA<\/a><a style=\"font-size: 14px; background-color: #ffffff;\" href=\"http:\/\/modellflugimdaec.de\/bemod\" target=\"_blank\" rel=\"noopener\">eC BeMod<\/a><\/p><p><em>Allgemeine Wettbewerbsbedingungen des Modellbauclub Traunstein e.V.<\/em><\/p><p><em>Abteilung Modellsegelflugsport<\/em><\/p><ol><li><em><em> Der Flugordnung ist unbedingt Folge zu leisten!<\/em><\/em><p>2. Nicht aufgef\u00fchrte Wettbewerbsregeln entsprechen den internationalen Luftsportbestimmungen Punkt 5.3 Klasse F3B &#8211; Segelflugmodelle wie z.B. 5.3.1.3 Merkmale von funkferngesteuerten Segelflugmodellen<\/p><p><em>Allgemeine Merkmale :<\/em><\/p><ul><li><em>H\u00f6chster Fl\u00e4cheninhalt (St): 150 dm\u00b2<\/em><\/li><li><em>H\u00f6chstes Fluggewicht: 5 kg<\/em><\/li><li><em>Fl\u00e4chenbelastung: zwischen 12 und 75 g\/dm\u00b2<\/em><\/li><li><em>Mindestradius der Rumpfnase (siehe Schablone): 7,5 mm<\/em><\/li><\/ul><\/li><\/ol><p><em><br \/>Weder feststehende noch einziehbare Bremsvorrichtungen (z.B. Bolzen oder s\u00e4geblatt\u00e4hnliche Vorrichtungen) zum Abbremsen des Modells am Boden w\u00e4hrend der Landung sind gestattet. An der Unterseite des Modells d\u00fcrfen sich keine hervorstehenden Teile befinden, der Schlepphaken und die Ansteuerung der Ruder ausgenommen.Der Schlepphaken darf von vorn gesehen nicht breiter als 5 mm und l\u00e4nger als 15 mm sein.<\/em><\/p><p><em>5.3.1.4 Wettbewerbsteilnehmer und Helfer<\/em><\/p><p><em>Der Wettbewerbsteilnehmer (Pilot) mu\u00df seine Fernsteueranlage selbst bedienen. Jedem Wettbewerbsteilnehmer sind vier (4) Helfer einschlie\u00dflich Mannschaftsf\u00fchrer gestattet.<\/em><\/p><p><em>5.3.1.6 Streichung eines Fluges oder Ausschlu\u00df<\/em><\/p><ol><li><em>a) Wenn nicht anders angegeben, wird ein gerade durchgef\u00fchrter Flug gestrichen, wenn gegen irgendeine Regel versto\u00dfen wird. Ist ein Versto\u00df nach Meinung des Wettbewerbsleiters Absicht oder Fahrl\u00e4ssigkeit, kann der Wettbewerbsteilnehmer ausgeschlossen werden.<\/em><\/li><\/ol><p><em>b)..Der gerade durchgef\u00fchrte Flug wird gestrichen, wenn das Modell w\u00e4hrend des Starts oder w\u00e4hrend der Flugzeit irgend ein Teil verliert. Der Verlust eines Teils w\u00e4hrend der Landung (d. h. bei Bodenber\u00fchrung ) bleibt unber\u00fccksichtigt .<\/em><\/p><ol><li><em>c) Der Wettbewerbsteilnehmer wird ausgeschlossen, wenn das Modell von einer anderen Person als dem Wettbewerbsteilnehmer gesteuert wird.<\/em><\/li><li><em>d) Ber\u00fchrt das Modell w\u00e4hrend der Landung den Wettbewerbsteilnehmer oder seine Helfer, so werden keine Landepunkte vergeben.<\/em><\/li><li><em>e) Beim Start mit einer Elektro-Motorwinde mu\u00df die gegen den Wind aufgestellte Umlenkung sicher am Boden befestigt sein. Der Flug wird gestrichen und kein weiterer Versuch gew\u00e4hrt, wenn die Umlenkrolle sich von der Verankerung l\u00f6st oder aus dem Boden gerissen wird.<\/em><\/li><li><em>g) Bei Starts mit der Elektrowinde f\u00fchrt jedes Abfallen irgendeines Teils der Winde beim Betrieb (Teile der Schleppleine ausgenommen) zur Nullwertung des Fluges und es ist kein weiterer Versuch gestattet.<\/em><\/li><\/ol><p><em>Abweichungen zu den Luftsportbestimmungen Punkt 5.3 Klasse F3B &#8211; Segelflugmodelle<\/em><\/p><ol><li><em> Das Modell darf w\u00e4hrend des Wettbewerbes nicht gewechselt werden (ausgenommen Bruch! &#8211; Anmeldung beim Wettbewerbsleiter notwendig).<\/em><\/li><li><em> Zu Punkt 5.3.1.3 k\u00f6nnen in Bezug auf Fl\u00e4cheninhalt, Fluggewicht und Fl\u00e4chenbelastung je nach Wettbewerbsart Ausnahmen gew\u00e4hrt werden (Versicherungsnachweis bei Modelle \u00fcber 5 kg Fluggewicht erforderlich!).<\/em><\/li><\/ol><p><em>\u00a0<\/em><\/p><p><a href=\"http:\/\/www.modellflug-im-daec.de\/images\/buko\/bemod\/pdf\/t4\/t43\/t435\/4353.pdf\" target=\"_blank\" rel=\"noopener\">DAeC BeMod F3B<\/a><\/p><p>\u00a0<\/p>\t\t\t\t\t\t\t\t<\/div>\n\t\t\t\t<\/div>\n\t\t\t\t\t<\/div>\n\t\t<\/div>\n\t\t\t\t\t<\/div>\n\t\t<\/section>\n\t\t\t\t<\/div>\n\t\t","protected":false},"excerpt":{"rendered":"<p>DAeC BeMod Allgemeine Wettbewerbsbedingungen des Modellbauclub Traunstein e.V. Abteilung Modellsegelflugsport Der Flugordnung ist unbedingt Folge zu leisten! 2. Nicht aufgef\u00fchrte Wettbewerbsregeln entsprechen den internationalen Luftsportbestimmungen Punkt 5.3 Klasse F3B &#8211; Segelflugmodelle wie z.B. 5.3.1.3 Merkmale von funkferngesteuerten Segelflugmodellen Allgemeine Merkmale : H\u00f6chster Fl\u00e4cheninhalt (St): 150 dm\u00b2 H\u00f6chstes Fluggewicht: 5 kg Fl\u00e4chenbelastung: zwischen 12 und 75 [&hellip;]<\/p>\n","protected":false},"author":1,"featured_media":0,"parent":18,"menu_order":0,"comment_status":"closed","ping_status":"closed","template":"","meta":{"ngg_post_thumbnail":0,"footnotes":""},"class_list":["post-1817","page","type-page","status-publish","hentry"],"_links":{"self":[{"href":"https:\/\/mbc-ts.info\/index.php?rest_route=\/wp\/v2\/pages\/1817","targetHints":{"allow":["GET"]}}],"collection":[{"href":"https:\/\/mbc-ts.info\/index.php?rest_route=\/wp\/v2\/pages"}],"about":[{"href":"https:\/\/mbc-ts.info\/index.php?rest_route=\/wp\/v2\/types\/page"}],"author":[{"embeddable":true,"href":"https:\/\/mbc-ts.info\/index.php?rest_route=\/wp\/v2\/users\/1"}],"replies":[{"embeddable":true,"href":"https:\/\/mbc-ts.info\/index.php?rest_route=%2Fwp%2Fv2%2Fcomments&post=1817"}],"version-history":[{"count":3,"href":"https:\/\/mbc-ts.info\/index.php?rest_route=\/wp\/v2\/pages\/1817\/revisions"}],"predecessor-version":[{"id":1829,"href":"https:\/\/mbc-ts.info\/index.php?rest_route=\/wp\/v2\/pages\/1817\/revisions\/1829"}],"up":[{"embeddable":true,"href":"https:\/\/mbc-ts.info\/index.php?rest_route=\/wp\/v2\/pages\/18"}],"wp:attachment":[{"href":"https:\/\/mbc-ts.info\/index.php?rest_route=%2Fwp%2Fv2%2Fmedia&parent=1817"}],"curies":[{"name":"wp","href":"https:\/\/api.w.org\/{rel}","templated":true}]}}