{"id":1825,"date":"2018-10-16T15:32:47","date_gmt":"2018-10-16T13:32:47","guid":{"rendered":"http:\/\/mbc-ts.info\/?page_id=1825"},"modified":"2022-09-04T11:51:16","modified_gmt":"2022-09-04T09:51:16","slug":"segelfliegertreffen-elektrosegler-hochstart","status":"publish","type":"page","link":"https:\/\/mbc-ts.info\/?page_id=1825","title":{"rendered":"Segelfliegertreffen"},"content":{"rendered":"\t\t<div data-elementor-type=\"wp-post\" data-elementor-id=\"1825\" class=\"elementor elementor-1825\">\n\t\t\t\t\t\t<section class=\"elementor-section elementor-top-section elementor-element elementor-element-e13d060 elementor-section-boxed elementor-section-height-default elementor-section-height-default\" data-id=\"e13d060\" data-element_type=\"section\" data-e-type=\"section\">\n\t\t\t\t\t\t<div class=\"elementor-container elementor-column-gap-default\">\n\t\t\t\t\t<div class=\"elementor-column elementor-col-100 elementor-top-column elementor-element elementor-element-d8012c6\" data-id=\"d8012c6\" data-element_type=\"column\" data-e-type=\"column\">\n\t\t\t<div class=\"elementor-widget-wrap elementor-element-populated\">\n\t\t\t\t\t\t<div class=\"elementor-element elementor-element-8624fca elementor-widget elementor-widget-text-editor\" data-id=\"8624fca\" data-element_type=\"widget\" data-e-type=\"widget\" data-widget_type=\"text-editor.default\">\n\t\t\t\t<div class=\"elementor-widget-container\">\n\t\t\t\t\t\t\t\t\t<p>Der Modellbauclub Traunstein e.V. l\u00e4dt alle Modellflieger zu einem Fliegertreffen auf seinem Fluggel\u00e4nde bei Unterberg 21 in Oberbayern ein.<br \/>Wir wollen damit vorhandene Kontakte pflegen und freuen uns sehr \u00fcber\u00a0jedes neue Gesicht. Startarten sind Elektroflug, oder mit eigener Elektrowinde oder\u00a0Elektroschlepp (F- oder Huckepack) und Gummiseil sind zugelassen.<br \/>Um Chancengleichheit zu gew\u00e4hrleisten sind keine Handstarts\u00a0 (F3K)\u00a0genehmigt !<br \/>Da dieses ein Segelflugbewerb sein soll, werden reine Motorflugzeug aussehende\u00a0Modelle zwar toleriert aber sind trotzdem unerw\u00fcnscht !<br \/><br \/><\/p><p><strong>Die Regeln sind einfach<\/strong>:<\/p><ol><li><strong> Start ( 13\u00b0\u00b0 bis 16\u00b0\u00b0)<\/strong><br \/>Starttechnik beliebig (siehe oben)<br \/>Der Pilot bestimmt den Zeitpunkt seines Wertungsflugs, muss diesen\u00a0jedoch vor dem Start ank\u00fcndigen.<\/li><li><strong> Flugzeit<\/strong><br \/>Die optimale Flugzeit vom Ausklinken, Stoppen des Motors\u00a0bis zum Modellstillstand betr\u00e4gt zwei Minuten = <strong>120 Sekunden.<\/strong><br \/>Pro Sekunde Flugzeit wird 1 Punkt vergeben, pro Sekunde \u00dcberschreitung\u00a0der zwei Minuten Marke wird ein Punkt vom 120 Punkte Maximum abgezogen.<br \/>Ank\u00fcndigung bei Elektro und Schlepp mit \u201e Start jetzt \u201c Wertungsflug Segelflugzeit 120 Sekunden, danach darf Elektroantrieb nicht mehr gestartet werden<br \/>Bei Einschalten Elektroantrieb Null (0) Flug-Landepunkte ).<br \/>Bei Windenstart ist Start Segelflugzeit sofort nach dem Ausklinken.<br \/>Bis zu 30 absolvierten Sekunden Segelflugzeit kann der Pilot maximal\u00a0eine Startwiederholung pro Durchgang anmelden. Wann dieser\u00a0Wiederholstart erfolgt, entscheidet der Pilot (wie bei 1.)<\/li><li><strong> Landung<\/strong><br \/>Die Landung sollte in einem <strong>4 Meter mal ca. 50 Meter<\/strong> messenden Feld\u00a0erfolgen in dem eine Mittellinie markiert ist. Aufgabe ist es, so nahe\u00a0wie m\u00f6glich an dieser Mittellinie zu landen. Gemessen wird der Punkt<br \/>des Rumpfes, der am weitesten von der Mittellinie zu liegen kommt.<br \/>Landepunktemaximum ist 200, pro Zentimeter Entfernung von der\u00a0Mittelinie wird ein Punkt abgezogen.<br \/>Im Sinne der sportlichen \u00c4sthetik werden Stecklandungen (d.h. das\u00a0Modell steckt mit vom Boden abgehobenem Rumpfende) mit 0 Landepunkten gewertet.<\/li><li><strong> Wertungsdurchg\u00e4nge<\/strong><br \/>Soweit es die Witterung es zul\u00e4sst, wollen wir mindestens drei Durchg\u00e4nge Fliegen.<\/li><\/ol><p>Bei 3 Durg\u00e4ngen wird der Schlechteste gestrichen.<\/p><p>\u00a0<\/p><p>Das MBC-Team w\u00fcnscht Holm &amp; Rippenbruch\u00a0 <br \/><br \/><\/p>\t\t\t\t\t\t\t\t<\/div>\n\t\t\t\t<\/div>\n\t\t\t\t\t<\/div>\n\t\t<\/div>\n\t\t\t\t\t<\/div>\n\t\t<\/section>\n\t\t\t\t<\/div>\n\t\t","protected":false},"excerpt":{"rendered":"<p>Der Modellbauclub Traunstein e.V. l\u00e4dt alle Modellflieger zu einem Fliegertreffen auf seinem Fluggel\u00e4nde bei Unterberg 21 in Oberbayern ein.Wir wollen damit vorhandene Kontakte pflegen und freuen uns sehr \u00fcber\u00a0jedes neue Gesicht. Startarten sind Elektroflug, oder mit eigener Elektrowinde oder\u00a0Elektroschlepp (F- oder Huckepack) und Gummiseil sind zugelassen.Um Chancengleichheit zu gew\u00e4hrleisten sind keine Handstarts\u00a0 (F3K)\u00a0genehmigt !Da dieses [&hellip;]<\/p>\n","protected":false},"author":1,"featured_media":0,"parent":18,"menu_order":0,"comment_status":"closed","ping_status":"closed","template":"","meta":{"ngg_post_thumbnail":0,"footnotes":""},"class_list":["post-1825","page","type-page","status-publish","hentry"],"_links":{"self":[{"href":"https:\/\/mbc-ts.info\/index.php?rest_route=\/wp\/v2\/pages\/1825","targetHints":{"allow":["GET"]}}],"collection":[{"href":"https:\/\/mbc-ts.info\/index.php?rest_route=\/wp\/v2\/pages"}],"about":[{"href":"https:\/\/mbc-ts.info\/index.php?rest_route=\/wp\/v2\/types\/page"}],"author":[{"embeddable":true,"href":"https:\/\/mbc-ts.info\/index.php?rest_route=\/wp\/v2\/users\/1"}],"replies":[{"embeddable":true,"href":"https:\/\/mbc-ts.info\/index.php?rest_route=%2Fwp%2Fv2%2Fcomments&post=1825"}],"version-history":[{"count":11,"href":"https:\/\/mbc-ts.info\/index.php?rest_route=\/wp\/v2\/pages\/1825\/revisions"}],"predecessor-version":[{"id":8090,"href":"https:\/\/mbc-ts.info\/index.php?rest_route=\/wp\/v2\/pages\/1825\/revisions\/8090"}],"up":[{"embeddable":true,"href":"https:\/\/mbc-ts.info\/index.php?rest_route=\/wp\/v2\/pages\/18"}],"wp:attachment":[{"href":"https:\/\/mbc-ts.info\/index.php?rest_route=%2Fwp%2Fv2%2Fmedia&parent=1825"}],"curies":[{"name":"wp","href":"https:\/\/api.w.org\/{rel}","templated":true}]}}