{"id":1850,"date":"2018-10-16T17:47:21","date_gmt":"2018-10-16T15:47:21","guid":{"rendered":"http:\/\/mbc-ts.info\/?page_id=1850"},"modified":"2022-02-12T10:59:33","modified_gmt":"2022-02-12T09:59:33","slug":"fluggelaende","status":"publish","type":"page","link":"https:\/\/mbc-ts.info\/?page_id=1850","title":{"rendered":"Fluggel\u00e4nde"},"content":{"rendered":"\t\t<div data-elementor-type=\"wp-post\" data-elementor-id=\"1850\" class=\"elementor elementor-1850\">\n\t\t\t\t\t\t<section class=\"elementor-section elementor-top-section elementor-element elementor-element-dfb3f50 elementor-section-boxed elementor-section-height-default elementor-section-height-default\" data-id=\"dfb3f50\" data-element_type=\"section\" data-e-type=\"section\">\n\t\t\t\t\t\t<div class=\"elementor-container elementor-column-gap-default\">\n\t\t\t\t\t<div class=\"elementor-column elementor-col-100 elementor-top-column elementor-element elementor-element-5bbc205\" data-id=\"5bbc205\" data-element_type=\"column\" data-e-type=\"column\">\n\t\t\t<div class=\"elementor-widget-wrap elementor-element-populated\">\n\t\t\t\t\t\t<div class=\"elementor-element elementor-element-14582c5 elementor-widget elementor-widget-text-editor\" data-id=\"14582c5\" data-element_type=\"widget\" data-e-type=\"widget\" data-widget_type=\"text-editor.default\">\n\t\t\t\t<div class=\"elementor-widget-container\">\n\t\t\t\t\t\t\t\t\t<p><u><strong>Hangfluggel\u00e4nde F\u00fcrmann Alm<\/strong><\/u><\/p><p><a href=\"https:\/\/www.google.de\/maps\/dir\/47.8000908,12.8659831\/Irlberg+41,+83454+Anger\/@47.7975698,12.8426531,2624m\/data=!3m1!1e3!4m9!4m8!1m0!1m5!1m1!1s0x47768901158c0ab1:0xfe38162d05d2821e!2m2!1d12.837!2d47.79428!3e0\">Route<\/a><\/p><p><a href=\"http:\/\/mbc-ts.info\/wp-content\/uploads\/2022\/02\/Platz-Flugordnung-Fuermann-AlmFlugordung-2022.pdf\">Platz- und Flugordnung<\/a><br \/>Das wichtigste Gel\u00e4nde f\u00fcr den Hangflug mit Segelflugmodellen.<br \/>Es bietet bei Winden aus Nordwest bis Ost sehr gute Aufwinde f\u00fcr Segelflugmodelle.<br \/>Hier finden auch gut besuchte Wettbewerbe in mehreren Disziplinen statt.<\/p><p><img fetchpriority=\"high\" decoding=\"async\" class=\"alignnone size-full wp-image-7634\" src=\"http:\/\/mbc-ts.info\/wp-content\/uploads\/2021\/12\/bild_falm1.jpg\" alt=\"\" width=\"429\" height=\"323\" srcset=\"https:\/\/mbc-ts.info\/wp-content\/uploads\/2021\/12\/bild_falm1.jpg 429w, https:\/\/mbc-ts.info\/wp-content\/uploads\/2021\/12\/bild_falm1-300x226.jpg 300w\" sizes=\"(max-width: 429px) 100vw, 429px\" \/><\/p><p><u><strong>Fluggel\u00e4nde Unterberg<\/strong><\/u><\/p><p><a href=\"https:\/\/www.google.de\/maps\/dir\/47.762977,12.8993746\/Unterberg+21,+83454+Anger\/@47.7652443,12.8904509,2561m\/data=!3m1!1e3!4m9!4m8!1m0!1m5!1m1!1s0x47768ec9fbae0c0b:0x5dc29e5b43f6d89f!2m2!1d12.883292!2d47.7731536!3e0\">Route<\/a><\/p><p><a href=\"http:\/\/mbc-ts.info\/wp-content\/uploads\/2022\/02\/Platz-Flugordung-Unterberg-Flugordnung-2022.pdf\" target=\"_blank\" rel=\"noopener\">Platz- und Flugordnung<\/a><br \/>Ein \u00dcbungsgel\u00e4nde f\u00fcr Elektroflug oder Segelflugmodelle.<br \/>Segelflugmodelle k\u00f6nnen mit Elektro-Motormodellen durch F-Schlepp oder mit Hochstartwinden auf H\u00f6he gebracht werden.<\/p><p><span style=\"color: #000000; font-size: xx-small;\"><img decoding=\"async\" class=\"alignnone wp-image-47 size-full\" src=\"http:\/\/mbc-ts.info\/wp-content\/uploads\/2018\/10\/Flugfeld1.png\" alt=\"\" width=\"799\" height=\"399\" srcset=\"https:\/\/mbc-ts.info\/wp-content\/uploads\/2018\/10\/Flugfeld1.png 799w, https:\/\/mbc-ts.info\/wp-content\/uploads\/2018\/10\/Flugfeld1-300x150.png 300w, https:\/\/mbc-ts.info\/wp-content\/uploads\/2018\/10\/Flugfeld1-768x384.png 768w\" sizes=\"(max-width: 799px) 100vw, 799px\" \/><br \/><\/span><\/p>\t\t\t\t\t\t\t\t<\/div>\n\t\t\t\t<\/div>\n\t\t\t\t\t<\/div>\n\t\t<\/div>\n\t\t\t\t\t<\/div>\n\t\t<\/section>\n\t\t\t\t<\/div>\n\t\t","protected":false},"excerpt":{"rendered":"<p>Hangfluggel\u00e4nde F\u00fcrmann Alm Route Platz- und FlugordnungDas wichtigste Gel\u00e4nde f\u00fcr den Hangflug mit Segelflugmodellen.Es bietet bei Winden aus Nordwest bis Ost sehr gute Aufwinde f\u00fcr Segelflugmodelle.Hier finden auch gut besuchte Wettbewerbe in mehreren Disziplinen statt. Fluggel\u00e4nde Unterberg Route Platz- und FlugordnungEin \u00dcbungsgel\u00e4nde f\u00fcr Elektroflug oder Segelflugmodelle.Segelflugmodelle k\u00f6nnen mit Elektro-Motormodellen durch F-Schlepp oder mit Hochstartwinden auf [&hellip;]<\/p>\n","protected":false},"author":1,"featured_media":0,"parent":21,"menu_order":0,"comment_status":"closed","ping_status":"closed","template":"","meta":{"ngg_post_thumbnail":0,"footnotes":""},"class_list":["post-1850","page","type-page","status-publish","hentry"],"_links":{"self":[{"href":"https:\/\/mbc-ts.info\/index.php?rest_route=\/wp\/v2\/pages\/1850","targetHints":{"allow":["GET"]}}],"collection":[{"href":"https:\/\/mbc-ts.info\/index.php?rest_route=\/wp\/v2\/pages"}],"about":[{"href":"https:\/\/mbc-ts.info\/index.php?rest_route=\/wp\/v2\/types\/page"}],"author":[{"embeddable":true,"href":"https:\/\/mbc-ts.info\/index.php?rest_route=\/wp\/v2\/users\/1"}],"replies":[{"embeddable":true,"href":"https:\/\/mbc-ts.info\/index.php?rest_route=%2Fwp%2Fv2%2Fcomments&post=1850"}],"version-history":[{"count":20,"href":"https:\/\/mbc-ts.info\/index.php?rest_route=\/wp\/v2\/pages\/1850\/revisions"}],"predecessor-version":[{"id":7709,"href":"https:\/\/mbc-ts.info\/index.php?rest_route=\/wp\/v2\/pages\/1850\/revisions\/7709"}],"up":[{"embeddable":true,"href":"https:\/\/mbc-ts.info\/index.php?rest_route=\/wp\/v2\/pages\/21"}],"wp:attachment":[{"href":"https:\/\/mbc-ts.info\/index.php?rest_route=%2Fwp%2Fv2%2Fmedia&parent=1850"}],"curies":[{"name":"wp","href":"https:\/\/api.w.org\/{rel}","templated":true}]}}