{"id":4750,"date":"2020-01-05T15:45:46","date_gmt":"2020-01-05T14:45:46","guid":{"rendered":"http:\/\/mbc-ts.info\/?page_id=4750"},"modified":"2024-01-05T11:24:11","modified_gmt":"2024-01-05T10:24:11","slug":"2019-2","status":"publish","type":"page","link":"https:\/\/mbc-ts.info\/?page_id=4750","title":{"rendered":"Fotos 2019"},"content":{"rendered":"\t\t<div data-elementor-type=\"wp-page\" data-elementor-id=\"4750\" class=\"elementor elementor-4750\">\n\t\t\t\t\t\t<section class=\"elementor-section elementor-top-section elementor-element elementor-element-2076c073 elementor-section-boxed elementor-section-height-default elementor-section-height-default\" data-id=\"2076c073\" data-element_type=\"section\" data-e-type=\"section\">\n\t\t\t\t\t\t<div class=\"elementor-container elementor-column-gap-default\">\n\t\t\t\t\t<div class=\"elementor-column elementor-col-100 elementor-top-column elementor-element elementor-element-42e2c42f\" data-id=\"42e2c42f\" data-element_type=\"column\" data-e-type=\"column\">\n\t\t\t<div class=\"elementor-widget-wrap elementor-element-populated\">\n\t\t\t\t\t\t<div class=\"elementor-element elementor-element-40cb106b elementor-widget elementor-widget-text-editor\" data-id=\"40cb106b\" data-element_type=\"widget\" data-e-type=\"widget\" data-widget_type=\"text-editor.default\">\n\t\t\t\t<div class=\"elementor-widget-container\">\n\t\t\t\t\t\t\t\t\t<p><a href=\"https:\/\/mbc-ts.info\/?page_id=8711\">Almpokal 2019<\/a><\/p>\n<p><a href=\"https:\/\/mbc-ts.info\/?page_id=8713\">E-Res Kraiwiesen 2019<\/a><\/p>\n<p><a href=\"https:\/\/mbc-ts.info\/?page_id=8715\">E-Res MBC-Traunstein 2019<\/a><\/p>\n<p><a href=\"https:\/\/mbc-ts.info\/?page_id=8717\">Elektro Flugtag Bad T\u00f6lz 2019<\/a><\/p>\n<p><a href=\"https:\/\/mbc-ts.info\/?page_id=8719\">F-Schlepp M\u00e4rz 2019<\/a><\/p>\n<p><a href=\"https:\/\/mbc-ts.info\/?page_id=8721\">F-Schlepp Treff Weitw\u00f6rth 2019<\/a><\/p>\n<p><a href=\"https:\/\/mbc-ts.info\/?page_id=8723\">F3K MBC Traunstein 2019<\/a><\/p>\n<p><a href=\"https:\/\/mbc-ts.info\/?page_id=8725\">F5J Oberpullendorf 2019<\/a><\/p>\n<p><a href=\"https:\/\/mbc-ts.info\/?page_id=8727\">J\u00fcrgen Loithaler Ged\u00e4chtnisfliegen 2019<\/a><\/p>\n<p><a href=\"https:\/\/mbc-ts.info\/?page_id=8729\">MBC Ausflug 2019<\/a><\/p>\n<p><a href=\"https:\/\/mbc-ts.info\/?page_id=8731\">Thon K\u00e4rnten Oldtimer Treff<\/a><\/p>\n<p><a href=\"https:\/\/mbc-ts.info\/?page_id=8733\">World Cup und DM F5J Weilheim<\/a><\/p>\t\t\t\t\t\t\t\t<\/div>\n\t\t\t\t<\/div>\n\t\t\t\t\t<\/div>\n\t\t<\/div>\n\t\t\t\t\t<\/div>\n\t\t<\/section>\n\t\t\t\t<\/div>\n\t\t","protected":false},"excerpt":{"rendered":"<p>Almpokal 2019 E-Res Kraiwiesen 2019 E-Res MBC-Traunstein 2019 Elektro Flugtag Bad T\u00f6lz 2019 F-Schlepp M\u00e4rz 2019 F-Schlepp Treff Weitw\u00f6rth 2019 F3K MBC Traunstein 2019 F5J Oberpullendorf 2019 J\u00fcrgen Loithaler Ged\u00e4chtnisfliegen 2019 MBC Ausflug 2019 Thon K\u00e4rnten Oldtimer Treff World Cup und DM F5J Weilheim<\/p>\n","protected":false},"author":1,"featured_media":0,"parent":853,"menu_order":0,"comment_status":"closed","ping_status":"closed","template":"","meta":{"ngg_post_thumbnail":0,"footnotes":""},"class_list":["post-4750","page","type-page","status-publish","hentry"],"_links":{"self":[{"href":"https:\/\/mbc-ts.info\/index.php?rest_route=\/wp\/v2\/pages\/4750","targetHints":{"allow":["GET"]}}],"collection":[{"href":"https:\/\/mbc-ts.info\/index.php?rest_route=\/wp\/v2\/pages"}],"about":[{"href":"https:\/\/mbc-ts.info\/index.php?rest_route=\/wp\/v2\/types\/page"}],"author":[{"embeddable":true,"href":"https:\/\/mbc-ts.info\/index.php?rest_route=\/wp\/v2\/users\/1"}],"replies":[{"embeddable":true,"href":"https:\/\/mbc-ts.info\/index.php?rest_route=%2Fwp%2Fv2%2Fcomments&post=4750"}],"version-history":[{"count":5,"href":"https:\/\/mbc-ts.info\/index.php?rest_route=\/wp\/v2\/pages\/4750\/revisions"}],"predecessor-version":[{"id":8749,"href":"https:\/\/mbc-ts.info\/index.php?rest_route=\/wp\/v2\/pages\/4750\/revisions\/8749"}],"up":[{"embeddable":true,"href":"https:\/\/mbc-ts.info\/index.php?rest_route=\/wp\/v2\/pages\/853"}],"wp:attachment":[{"href":"https:\/\/mbc-ts.info\/index.php?rest_route=%2Fwp%2Fv2%2Fmedia&parent=4750"}],"curies":[{"name":"wp","href":"https:\/\/api.w.org\/{rel}","templated":true}]}}