{"id":7698,"date":"2022-02-11T17:14:45","date_gmt":"2022-02-11T16:14:45","guid":{"rendered":"https:\/\/mbc-ts.info\/?page_id=7698"},"modified":"2022-02-11T17:16:45","modified_gmt":"2022-02-11T16:16:45","slug":"flugordnung-unterberg","status":"publish","type":"page","link":"https:\/\/mbc-ts.info\/?page_id=7698","title":{"rendered":"Flugordnung Unterberg"},"content":{"rendered":"\t\t<div data-elementor-type=\"wp-page\" data-elementor-id=\"7698\" class=\"elementor elementor-7698\">\n\t\t\t\t\t\t<section class=\"elementor-section elementor-top-section elementor-element elementor-element-466feb6 elementor-section-boxed elementor-section-height-default elementor-section-height-default\" data-id=\"466feb6\" data-element_type=\"section\" data-e-type=\"section\">\n\t\t\t\t\t\t<div class=\"elementor-container elementor-column-gap-default\">\n\t\t\t\t\t<div class=\"elementor-column elementor-col-100 elementor-top-column elementor-element elementor-element-f4e1e4e\" data-id=\"f4e1e4e\" data-element_type=\"column\" data-e-type=\"column\">\n\t\t\t<div class=\"elementor-widget-wrap elementor-element-populated\">\n\t\t\t\t\t\t<div class=\"elementor-element elementor-element-4b23a3f elementor-widget elementor-widget-image\" data-id=\"4b23a3f\" data-element_type=\"widget\" data-e-type=\"widget\" data-widget_type=\"image.default\">\n\t\t\t\t<div class=\"elementor-widget-container\">\n\t\t\t\t\t\t\t\t\t\t\t\t\t\t\t<img fetchpriority=\"high\" decoding=\"async\" width=\"1024\" height=\"335\" src=\"https:\/\/mbc-ts.info\/wp-content\/uploads\/2022\/02\/Platz-Flugordung-Unterberg-Flugordnung-2022-1024x335.png\" class=\"attachment-large size-large wp-image-7689\" alt=\"\" srcset=\"https:\/\/mbc-ts.info\/wp-content\/uploads\/2022\/02\/Platz-Flugordung-Unterberg-Flugordnung-2022-1024x335.png 1024w, https:\/\/mbc-ts.info\/wp-content\/uploads\/2022\/02\/Platz-Flugordung-Unterberg-Flugordnung-2022-300x98.png 300w, https:\/\/mbc-ts.info\/wp-content\/uploads\/2022\/02\/Platz-Flugordung-Unterberg-Flugordnung-2022-768x251.png 768w, https:\/\/mbc-ts.info\/wp-content\/uploads\/2022\/02\/Platz-Flugordung-Unterberg-Flugordnung-2022-1536x502.png 1536w, https:\/\/mbc-ts.info\/wp-content\/uploads\/2022\/02\/Platz-Flugordung-Unterberg-Flugordnung-2022-2048x669.png 2048w\" sizes=\"(max-width: 1024px) 100vw, 1024px\" \/>\t\t\t\t\t\t\t\t\t\t\t\t\t\t\t<\/div>\n\t\t\t\t<\/div>\n\t\t\t\t\t<\/div>\n\t\t<\/div>\n\t\t\t\t\t<\/div>\n\t\t<\/section>\n\t\t\t\t<section class=\"elementor-section elementor-top-section elementor-element elementor-element-9b218be elementor-section-boxed elementor-section-height-default elementor-section-height-default\" data-id=\"9b218be\" data-element_type=\"section\" data-e-type=\"section\">\n\t\t\t\t\t\t<div class=\"elementor-container elementor-column-gap-default\">\n\t\t\t\t\t<div class=\"elementor-column elementor-col-100 elementor-top-column elementor-element elementor-element-5e0cbbd\" data-id=\"5e0cbbd\" data-element_type=\"column\" data-e-type=\"column\">\n\t\t\t<div class=\"elementor-widget-wrap elementor-element-populated\">\n\t\t\t\t\t\t<div class=\"elementor-element elementor-element-d1e2822 elementor-widget elementor-widget-text-editor\" data-id=\"d1e2822\" data-element_type=\"widget\" data-e-type=\"widget\" data-widget_type=\"text-editor.default\">\n\t\t\t\t<div class=\"elementor-widget-container\">\n\t\t\t\t\t\t\t\t\t<ol><li>S\u00e4mtliche gesetzlichen Bestimmungen sind einzuhalten.<\/li><li>Modellfliegen ist versicherungspflichtig (Deckungssumme min. 1,5 <span style=\"font-family: var( --e-global-typography-text-font-family ), Sans-serif; font-weight: var( --e-global-typography-text-font-weight );\">Mill.)!<br \/><\/span><span style=\"font-family: var( --e-global-typography-text-font-family ), Sans-serif; font-weight: var( --e-global-typography-text-font-weight );\">Alle Piloten m\u00fcssen daher eine Haftpflichtversicherung f\u00fcr Modellflug nachweisen k\u00f6nnen.<\/span><\/li><li>Der Flugbetrieb ist vor Sonnenuntergang (Offiziell) einzustellen.<\/li><li>Auf dem Fluggel\u00e4nde ist darauf zu achten, dass die Platzgrenzen eingehalten werden. Richtung S\u00fcden (Wohngeb\u00e4ude &#8211; Staatsstra\u00dfe) kein Flugbetrieb und zur Autobahn min. 100 m Abstand.<\/li><li>Der MBC-Traunstein gestattet auch Gastfliegern die Benutzung des Fluggel\u00e4ndes, wenn diese die Platzordnung einhalten und mindestens ein Vereinsmitglied anwesend ist bei dem er sich anmeldet.<\/li><li>Modelle \u00fcber 250 g m\u00fcssen sichtbar eine eu Registriernummer angebracht haben. (LBA Nachweis)<\/li><li>Modelle \u00fcber 2 kg ist ein Kenntnisnachweis erforderlich ( Antrag \u00fcber DAeC oder DMFV ).<\/li><li>Bei Modellen \u00fcber 12 kg Fluggewicht muss eine Aufstiegserlaubnis vom Luft Amt vorliegen.<\/li><li>Jeder Pilot hat sich bei Ankunft in das Flugbuch einzutragen.<\/li><li>Das Betreten der angrenzenden Felder und Wiesen ist zu vermeiden.<\/li><li>Bei Feldarbeiten des Verp\u00e4chters\/Nachbarn und unsere M\u00e4harbeiten ist der Flugbetrieb einzustellen.<\/li><li>Die Fluggel\u00e4ndebenutzer haben sich so zu verhalten, dass keinerlei Grund zur Klage entsteht.<\/li><li>Zu Laute Elektroantriebe (meist kleine Impellermodelle) bitte nicht auf diesem Fluggel\u00e4nde !<\/li><li>Das laufenlassen von Hunden ohne Leine ist im gesamten Bereich Unterberg verboten.<br \/>Ausgenommen davon ist im Vorbereitungsraum, wenn der Hund an der Leine gef\u00fchrt wird.<\/li><li>Im Vorbereitungsraum kein Inbetriebnahme von Elektroantrieben.<\/li><li>\u00a0Flugfeld :<ul><li>Auf dem Flugfeld haben sich nur die aktiven Piloten und bei Bedarf deren Helfer aufzuhalten.<\/li><\/ul><\/li><li>Sonstiges<ul><li>\u00a0Zufahrt zum Fluggel\u00e4nde nur in Schrittgeschwindigkeit.<\/li><li>\u00a0Die Feldarbeit der Bauern darf in keiner Weise behindert werden (Ist dieses nicht m\u00f6glich muss der Flugbetrieb<br \/>sofort eingestellt werden).<\/li><li>\u00a0Der Weg zu den Feldern muss jederzeit frei f\u00fcr die Zufahrt sein.<\/li><\/ul><\/li><\/ol>\t\t\t\t\t\t\t\t<\/div>\n\t\t\t\t<\/div>\n\t\t\t\t\t<\/div>\n\t\t<\/div>\n\t\t\t\t\t<\/div>\n\t\t<\/section>\n\t\t\t\t<\/div>\n\t\t","protected":false},"excerpt":{"rendered":"<p>S\u00e4mtliche gesetzlichen Bestimmungen sind einzuhalten. Modellfliegen ist versicherungspflichtig (Deckungssumme min. 1,5 Mill.)!Alle Piloten m\u00fcssen daher eine Haftpflichtversicherung f\u00fcr Modellflug nachweisen k\u00f6nnen. Der Flugbetrieb ist vor Sonnenuntergang (Offiziell) einzustellen. Auf dem Fluggel\u00e4nde ist darauf zu achten, dass die Platzgrenzen eingehalten werden. Richtung S\u00fcden (Wohngeb\u00e4ude &#8211; Staatsstra\u00dfe) kein Flugbetrieb und zur Autobahn min. 100 m Abstand. Der [&hellip;]<\/p>\n","protected":false},"author":1,"featured_media":0,"parent":0,"menu_order":0,"comment_status":"closed","ping_status":"closed","template":"","meta":{"ngg_post_thumbnail":0,"footnotes":""},"class_list":["post-7698","page","type-page","status-publish","hentry"],"_links":{"self":[{"href":"https:\/\/mbc-ts.info\/index.php?rest_route=\/wp\/v2\/pages\/7698","targetHints":{"allow":["GET"]}}],"collection":[{"href":"https:\/\/mbc-ts.info\/index.php?rest_route=\/wp\/v2\/pages"}],"about":[{"href":"https:\/\/mbc-ts.info\/index.php?rest_route=\/wp\/v2\/types\/page"}],"author":[{"embeddable":true,"href":"https:\/\/mbc-ts.info\/index.php?rest_route=\/wp\/v2\/users\/1"}],"replies":[{"embeddable":true,"href":"https:\/\/mbc-ts.info\/index.php?rest_route=%2Fwp%2Fv2%2Fcomments&post=7698"}],"version-history":[{"count":4,"href":"https:\/\/mbc-ts.info\/index.php?rest_route=\/wp\/v2\/pages\/7698\/revisions"}],"predecessor-version":[{"id":7702,"href":"https:\/\/mbc-ts.info\/index.php?rest_route=\/wp\/v2\/pages\/7698\/revisions\/7702"}],"wp:attachment":[{"href":"https:\/\/mbc-ts.info\/index.php?rest_route=%2Fwp%2Fv2%2Fmedia&parent=7698"}],"curies":[{"name":"wp","href":"https:\/\/api.w.org\/{rel}","templated":true}]}}